{"id":511,"date":"2023-09-20T04:40:54","date_gmt":"2023-09-20T02:40:54","guid":{"rendered":"https:\/\/exportala.com\/?page_id=511"},"modified":"2023-09-20T04:46:08","modified_gmt":"2023-09-20T02:46:08","slug":"importaciones-maquinaria-cafe","status":"publish","type":"page","link":"https:\/\/exportala.com\/index.php\/importaciones-maquinaria-cafe\/","title":{"rendered":"Importaciones"},"content":{"rendered":"\t\t<div data-elementor-type=\"wp-page\" data-elementor-id=\"511\" class=\"elementor elementor-511\">\n\t\t\t\t\t\t\t<div class=\"elementor-element elementor-element-a888016 e-flex e-con-boxed e-con e-parent\" data-id=\"a888016\" data-element_type=\"container\" data-settings=\"{&quot;background_background&quot;:&quot;classic&quot;,&quot;content_width&quot;:&quot;boxed&quot;}\" data-core-v316-plus=\"true\">\n\t\t\t\t\t<div class=\"e-con-inner\">\n\t\t<div class=\"elementor-element elementor-element-fa3c0a5 e-con-full e-flex e-con e-child\" data-id=\"fa3c0a5\" data-element_type=\"container\" data-settings=\"{&quot;content_width&quot;:&quot;full&quot;}\">\n\t\t\t\t<div class=\"elementor-element elementor-element-88379c8 elementor-widget elementor-widget-image\" data-id=\"88379c8\" data-element_type=\"widget\" data-widget_type=\"image.default\">\n\t\t\t\t<div class=\"elementor-widget-container\">\n\t\t\t<style>\/*! elementor - v3.16.0 - 14-09-2023 *\/\n.elementor-widget-image{text-align:center}.elementor-widget-image a{display:inline-block}.elementor-widget-image a img[src$=\".svg\"]{width:48px}.elementor-widget-image img{vertical-align:middle;display:inline-block}<\/style>\t\t\t\t\t\t\t\t\t\t\t\t<img decoding=\"async\" loading=\"lazy\" width=\"360\" height=\"200\" src=\"https:\/\/exportala.com\/wp-content\/uploads\/2023\/09\/maquinaria-importacion.gif\" class=\"attachment-large size-large wp-image-513\" alt=\"importacion de maquinaria para caf\u00e9\" \/>\t\t\t\t\t\t\t\t\t\t\t\t\t\t\t<\/div>\n\t\t\t\t<\/div>\n\t\t\t\t<\/div>\n\t\t<div class=\"elementor-element elementor-element-127bda8 e-con-full e-flex e-con e-child\" data-id=\"127bda8\" data-element_type=\"container\" data-settings=\"{&quot;content_width&quot;:&quot;full&quot;}\">\n\t\t\t\t<div class=\"elementor-element elementor-element-b89f9a9 elementor-widget elementor-widget-heading\" data-id=\"b89f9a9\" data-element_type=\"widget\" data-widget_type=\"heading.default\">\n\t\t\t\t<div class=\"elementor-widget-container\">\n\t\t\t<style>\/*! elementor - v3.16.0 - 14-09-2023 *\/\n.elementor-heading-title{padding:0;margin:0;line-height:1}.elementor-widget-heading .elementor-heading-title[class*=elementor-size-]>a{color:inherit;font-size:inherit;line-height:inherit}.elementor-widget-heading .elementor-heading-title.elementor-size-small{font-size:15px}.elementor-widget-heading .elementor-heading-title.elementor-size-medium{font-size:19px}.elementor-widget-heading .elementor-heading-title.elementor-size-large{font-size:29px}.elementor-widget-heading .elementor-heading-title.elementor-size-xl{font-size:39px}.elementor-widget-heading .elementor-heading-title.elementor-size-xxl{font-size:59px}<\/style><h2 class=\"elementor-heading-title elementor-size-default\">importamos maquinaria<\/h2>\t\t<\/div>\n\t\t\t\t<\/div>\n\t\t\t\t<div class=\"elementor-element elementor-element-d7fcf99 elementor-widget elementor-widget-text-editor\" data-id=\"d7fcf99\" data-element_type=\"widget\" data-widget_type=\"text-editor.default\">\n\t\t\t\t<div class=\"elementor-widget-container\">\n\t\t\t<style>\/*! elementor - v3.16.0 - 14-09-2023 *\/\n.elementor-widget-text-editor.elementor-drop-cap-view-stacked .elementor-drop-cap{background-color:#69727d;color:#fff}.elementor-widget-text-editor.elementor-drop-cap-view-framed .elementor-drop-cap{color:#69727d;border:3px solid;background-color:transparent}.elementor-widget-text-editor:not(.elementor-drop-cap-view-default) .elementor-drop-cap{margin-top:8px}.elementor-widget-text-editor:not(.elementor-drop-cap-view-default) .elementor-drop-cap-letter{width:1em;height:1em}.elementor-widget-text-editor .elementor-drop-cap{float:left;text-align:center;line-height:1;font-size:50px}.elementor-widget-text-editor .elementor-drop-cap-letter{display:inline-block}<\/style>\t\t\t\t<h4>Somos su socio confiable para soluciones de maquinaria de alta calidad. Con a\u00f1os de experiencia en la industria cafetera, entendemos las necesidades espec\u00edficas de este sector y ofrecemos soluciones de equipamiento de alta calidad.<\/h4>\t\t\t\t\t\t<\/div>\n\t\t\t\t<\/div>\n\t\t\t\t<\/div>\n\t\t\t\t\t<\/div>\n\t\t\t\t<\/div>\n\t\t<div class=\"elementor-element elementor-element-a062882 e-flex e-con-boxed e-con e-parent\" data-id=\"a062882\" data-element_type=\"container\" data-settings=\"{&quot;content_width&quot;:&quot;boxed&quot;}\" data-core-v316-plus=\"true\">\n\t\t\t\t\t<div class=\"e-con-inner\">\n\t\t<div class=\"elementor-element elementor-element-8ce4684 e-con-full e-flex e-con e-child\" data-id=\"8ce4684\" data-element_type=\"container\" data-settings=\"{&quot;content_width&quot;:&quot;full&quot;}\">\n\t\t\t\t<div class=\"elementor-element elementor-element-d08d273 elementor-widget elementor-widget-heading\" data-id=\"d08d273\" data-element_type=\"widget\" data-widget_type=\"heading.default\">\n\t\t\t\t<div class=\"elementor-widget-container\">\n\t\t\t<h3 class=\"elementor-heading-title elementor-size-default\">M\u00e1quinas de Tostado de Caf\u00e9\n<\/h3>\t\t<\/div>\n\t\t\t\t<\/div>\n\t\t\t\t<div class=\"elementor-element elementor-element-1983bfe elementor-widget elementor-widget-text-editor\" data-id=\"1983bfe\" data-element_type=\"widget\" data-widget_type=\"text-editor.default\">\n\t\t\t\t<div class=\"elementor-widget-container\">\n\t\t\t\t\t\t\t<p>Equipos de tostado de alta eficiencia para lograr el sabor y aroma perfectos en cada grano de caf\u00e9.<\/p><ul><li><strong>Marcas<\/strong>: Probat, Diedrich<\/li><li><strong>Modelos Disponibles<\/strong>: Tostadores de tambor, tostadores de aire caliente.<\/li><\/ul>\t\t\t\t\t\t<\/div>\n\t\t\t\t<\/div>\n\t\t\t\t<\/div>\n\t\t<div class=\"elementor-element elementor-element-6979768 e-con-full e-flex e-con e-child\" data-id=\"6979768\" data-element_type=\"container\" data-settings=\"{&quot;content_width&quot;:&quot;full&quot;}\">\n\t\t\t\t<div class=\"elementor-element elementor-element-56e27ba elementor-widget elementor-widget-image\" data-id=\"56e27ba\" data-element_type=\"widget\" data-widget_type=\"image.default\">\n\t\t\t\t<div class=\"elementor-widget-container\">\n\t\t\t\t\t\t\t\t\t\t\t\t\t\t\t<img decoding=\"async\" loading=\"lazy\" width=\"768\" height=\"480\" src=\"https:\/\/exportala.com\/wp-content\/uploads\/2023\/09\/maquina-tostado.png\" class=\"attachment-large size-large wp-image-514\" alt=\"\" srcset=\"https:\/\/exportala.com\/wp-content\/uploads\/2023\/09\/maquina-tostado.png 768w, https:\/\/exportala.com\/wp-content\/uploads\/2023\/09\/maquina-tostado-300x188.png 300w\" sizes=\"(max-width: 768px) 100vw, 768px\" \/>\t\t\t\t\t\t\t\t\t\t\t\t\t\t\t<\/div>\n\t\t\t\t<\/div>\n\t\t\t\t<\/div>\n\t\t\t\t\t<\/div>\n\t\t\t\t<\/div>\n\t\t<div class=\"elementor-element elementor-element-dabd7f4 e-flex e-con-boxed e-con e-parent\" data-id=\"dabd7f4\" data-element_type=\"container\" data-settings=\"{&quot;content_width&quot;:&quot;boxed&quot;}\" data-core-v316-plus=\"true\">\n\t\t\t\t\t<div class=\"e-con-inner\">\n\t\t<div class=\"elementor-element elementor-element-006bf59 e-con-full e-flex e-con e-child\" data-id=\"006bf59\" data-element_type=\"container\" data-settings=\"{&quot;content_width&quot;:&quot;full&quot;}\">\n\t\t\t\t<div class=\"elementor-element elementor-element-29e9a7f elementor-widget elementor-widget-image\" data-id=\"29e9a7f\" data-element_type=\"widget\" data-widget_type=\"image.default\">\n\t\t\t\t<div class=\"elementor-widget-container\">\n\t\t\t\t\t\t\t\t\t\t\t\t\t\t\t<img decoding=\"async\" loading=\"lazy\" width=\"768\" height=\"480\" src=\"https:\/\/exportala.com\/wp-content\/uploads\/2023\/09\/despulpadora.png\" class=\"attachment-large size-large wp-image-515\" alt=\"\" srcset=\"https:\/\/exportala.com\/wp-content\/uploads\/2023\/09\/despulpadora.png 768w, https:\/\/exportala.com\/wp-content\/uploads\/2023\/09\/despulpadora-300x188.png 300w\" sizes=\"(max-width: 768px) 100vw, 768px\" \/>\t\t\t\t\t\t\t\t\t\t\t\t\t\t\t<\/div>\n\t\t\t\t<\/div>\n\t\t\t\t<\/div>\n\t\t<div class=\"elementor-element elementor-element-28604be e-con-full e-flex e-con e-child\" data-id=\"28604be\" data-element_type=\"container\" data-settings=\"{&quot;content_width&quot;:&quot;full&quot;}\">\n\t\t\t\t<div class=\"elementor-element elementor-element-c519c38 elementor-widget elementor-widget-heading\" data-id=\"c519c38\" data-element_type=\"widget\" data-widget_type=\"heading.default\">\n\t\t\t\t<div class=\"elementor-widget-container\">\n\t\t\t<h3 class=\"elementor-heading-title elementor-size-default\">Despulpadoras y Lavadoras\n<\/h3>\t\t<\/div>\n\t\t\t\t<\/div>\n\t\t\t\t<div class=\"elementor-element elementor-element-5470849 elementor-widget elementor-widget-text-editor\" data-id=\"5470849\" data-element_type=\"widget\" data-widget_type=\"text-editor.default\">\n\t\t\t\t<div class=\"elementor-widget-container\">\n\t\t\t\t\t\t\t<p>Maquinaria para el despulpado y lavado del caf\u00e9, esenciales en la preparaci\u00f3n del grano.<\/p><ul><li><strong>Marcas<\/strong>: Penagos, Joper<\/li><li><strong>Modelos Disponibles<\/strong>: Despulpadoras verticales, lavadoras mec\u00e1nicas.<\/li><\/ul>\t\t\t\t\t\t<\/div>\n\t\t\t\t<\/div>\n\t\t\t\t<\/div>\n\t\t\t\t\t<\/div>\n\t\t\t\t<\/div>\n\t\t<div class=\"elementor-element elementor-element-a13c461 e-flex e-con-boxed e-con e-parent\" data-id=\"a13c461\" data-element_type=\"container\" data-settings=\"{&quot;content_width&quot;:&quot;boxed&quot;}\" data-core-v316-plus=\"true\">\n\t\t\t\t\t<div class=\"e-con-inner\">\n\t\t<div class=\"elementor-element elementor-element-0a0c7b0 e-con-full e-flex e-con e-child\" data-id=\"0a0c7b0\" data-element_type=\"container\" data-settings=\"{&quot;content_width&quot;:&quot;full&quot;}\">\n\t\t\t\t<div class=\"elementor-element elementor-element-632c2bd elementor-widget elementor-widget-heading\" data-id=\"632c2bd\" data-element_type=\"widget\" data-widget_type=\"heading.default\">\n\t\t\t\t<div class=\"elementor-widget-container\">\n\t\t\t<h3 class=\"elementor-heading-title elementor-size-default\">Molinos y Empacadoras\n<\/h3>\t\t<\/div>\n\t\t\t\t<\/div>\n\t\t\t\t<div class=\"elementor-element elementor-element-df851a1 elementor-widget elementor-widget-text-editor\" data-id=\"df851a1\" data-element_type=\"widget\" data-widget_type=\"text-editor.default\">\n\t\t\t\t<div class=\"elementor-widget-container\">\n\t\t\t\t\t\t\t<p>Equipos para moler el caf\u00e9 tostado y empacarlo para su distribuci\u00f3n.<\/p><ul><li><strong>Marcas<\/strong>: Mahlk\u00f6nig, B\u00fchler<\/li><li><strong>Modelos Disponibles<\/strong>: Molinos de rodillos, empacadoras autom\u00e1ticas.<\/li><\/ul>\t\t\t\t\t\t<\/div>\n\t\t\t\t<\/div>\n\t\t\t\t<\/div>\n\t\t<div class=\"elementor-element elementor-element-3a2aad2 e-con-full e-flex e-con e-child\" data-id=\"3a2aad2\" data-element_type=\"container\" data-settings=\"{&quot;content_width&quot;:&quot;full&quot;}\">\n\t\t\t\t<div class=\"elementor-element elementor-element-453c185 elementor-widget elementor-widget-image\" data-id=\"453c185\" data-element_type=\"widget\" data-widget_type=\"image.default\">\n\t\t\t\t<div class=\"elementor-widget-container\">\n\t\t\t\t\t\t\t\t\t\t\t\t\t\t\t<img decoding=\"async\" loading=\"lazy\" width=\"768\" height=\"480\" src=\"https:\/\/exportala.com\/wp-content\/uploads\/2023\/09\/empacadora.png\" class=\"attachment-large size-large wp-image-516\" alt=\"maquina empacadora\" srcset=\"https:\/\/exportala.com\/wp-content\/uploads\/2023\/09\/empacadora.png 768w, https:\/\/exportala.com\/wp-content\/uploads\/2023\/09\/empacadora-300x188.png 300w\" sizes=\"(max-width: 768px) 100vw, 768px\" \/>\t\t\t\t\t\t\t\t\t\t\t\t\t\t\t<\/div>\n\t\t\t\t<\/div>\n\t\t\t\t<\/div>\n\t\t\t\t\t<\/div>\n\t\t\t\t<\/div>\n\t\t<div class=\"elementor-element elementor-element-00a738a e-flex e-con-boxed e-con e-parent\" data-id=\"00a738a\" data-element_type=\"container\" data-settings=\"{&quot;background_background&quot;:&quot;classic&quot;,&quot;content_width&quot;:&quot;boxed&quot;}\" data-core-v316-plus=\"true\">\n\t\t\t\t\t<div class=\"e-con-inner\">\n\t\t\t\t<div class=\"elementor-element elementor-element-fec4709 elementor-widget elementor-widget-heading\" data-id=\"fec4709\" data-element_type=\"widget\" data-widget_type=\"heading.default\">\n\t\t\t\t<div class=\"elementor-widget-container\">\n\t\t\t<h4 class=\"elementor-heading-title elementor-size-default\">Nuestra profunda comprensi\u00f3n del proceso de producci\u00f3n de caf\u00e9, desde la recolecci\u00f3n hasta el empaquetado, nos permite ofrecer soluciones integrales de maquinaria.<\/h4>\t\t<\/div>\n\t\t\t\t<\/div>\n\t\t\t\t\t<\/div>\n\t\t\t\t<\/div>\n\t\t<div class=\"elementor-element elementor-element-7edf426 e-flex e-con-boxed e-con e-parent\" data-id=\"7edf426\" data-element_type=\"container\" data-settings=\"{&quot;content_width&quot;:&quot;boxed&quot;}\" data-core-v316-plus=\"true\">\n\t\t\t\t\t<div class=\"e-con-inner\">\n\t\t<div class=\"elementor-element elementor-element-fb54a4f e-con-full e-flex e-con e-child\" data-id=\"fb54a4f\" data-element_type=\"container\" data-settings=\"{&quot;content_width&quot;:&quot;full&quot;}\">\n\t\t\t\t<div class=\"elementor-element elementor-element-b0611c4 elementor-widget elementor-widget-heading\" data-id=\"b0611c4\" data-element_type=\"widget\" data-widget_type=\"heading.default\">\n\t\t\t\t<div class=\"elementor-widget-container\">\n\t\t\t<h3 class=\"elementor-heading-title elementor-size-default\">Proceso de Importaci\u00f3n\n<\/h3>\t\t<\/div>\n\t\t\t\t<\/div>\n\t\t\t\t<div class=\"elementor-element elementor-element-142d6d7 elementor-widget elementor-widget-text-editor\" data-id=\"142d6d7\" data-element_type=\"widget\" data-widget_type=\"text-editor.default\">\n\t\t\t\t<div class=\"elementor-widget-container\">\n\t\t\t\t\t\t\t<ol><li><strong>Consulta y Cotizaci\u00f3n<\/strong>: Entendemos sus necesidades y proporcionamos una cotizaci\u00f3n ajustada.<\/li><li><strong>Selecci\u00f3n y Verificaci\u00f3n<\/strong>: Cada m\u00e1quina se somete a rigurosos controles de calidad.<\/li><li><strong>Transporte y Entrega<\/strong>: Nos encargamos de toda la log\u00edstica para que reciba su maquinaria en perfectas condiciones.<\/li><li><strong>Soporte Postventa<\/strong>: Nuestro equipo est\u00e1 siempre disponible para cualquier consulta o servicio t\u00e9cnico.<\/li><\/ol>\t\t\t\t\t\t<\/div>\n\t\t\t\t<\/div>\n\t\t\t\t<\/div>\n\t\t<div class=\"elementor-element elementor-element-60f8c3c e-con-full e-flex e-con e-child\" data-id=\"60f8c3c\" data-element_type=\"container\" data-settings=\"{&quot;content_width&quot;:&quot;full&quot;}\">\n\t\t\t\t<div class=\"elementor-element elementor-element-1637795 elementor-widget elementor-widget-image\" data-id=\"1637795\" data-element_type=\"widget\" data-widget_type=\"image.default\">\n\t\t\t\t<div class=\"elementor-widget-container\">\n\t\t\t\t\t\t\t\t\t\t\t\t\t\t\t<img decoding=\"async\" loading=\"lazy\" width=\"380\" height=\"480\" src=\"https:\/\/exportala.com\/wp-content\/uploads\/2023\/09\/importar-maquinaria.png\" class=\"attachment-large size-large wp-image-477\" alt=\"ortar amquinaria para tratar cafe\" srcset=\"https:\/\/exportala.com\/wp-content\/uploads\/2023\/09\/importar-maquinaria.png 380w, https:\/\/exportala.com\/wp-content\/uploads\/2023\/09\/importar-maquinaria-238x300.png 238w\" sizes=\"(max-width: 380px) 100vw, 380px\" \/>\t\t\t\t\t\t\t\t\t\t\t\t\t\t\t<\/div>\n\t\t\t\t<\/div>\n\t\t\t\t<\/div>\n\t\t\t\t\t<\/div>\n\t\t\t\t<\/div>\n\t\t\t\t\t\t\t<\/div>\n\t\t","protected":false},"excerpt":{"rendered":"<p>importamos maquinaria Somos su socio confiable para soluciones de maquinaria de alta calidad. Con a\u00f1os de experiencia en la industria cafetera, entendemos las necesidades espec\u00edficas de este sector y ofrecemos soluciones de equipamiento de alta calidad. M\u00e1quinas de Tostado de Caf\u00e9 Equipos de tostado de alta eficiencia para lograr el sabor y aroma perfectos en &hellip;<\/p>\n<p class=\"read-more\"> <a class=\"\" href=\"https:\/\/exportala.com\/index.php\/importaciones-maquinaria-cafe\/\"> <span class=\"screen-reader-text\">Importaciones<\/span> Read More &raquo;<\/a><\/p>\n","protected":false},"author":1,"featured_media":0,"parent":0,"menu_order":0,"comment_status":"closed","ping_status":"closed","template":"","meta":{"site-sidebar-layout":"no-sidebar","site-content-layout":"page-builder","ast-site-content-layout":"full-width-container","site-content-style":"default","site-sidebar-style":"default","ast-global-header-display":"","ast-banner-title-visibility":"","ast-main-header-display":"","ast-hfb-above-header-display":"","ast-hfb-below-header-display":"","ast-hfb-mobile-header-display":"","site-post-title":"disabled","ast-breadcrumbs-content":"","ast-featured-img":"disabled","footer-sml-layout":"","theme-transparent-header-meta":"","adv-header-id-meta":"","stick-header-meta":"","header-above-stick-meta":"","header-main-stick-meta":"","header-below-stick-meta":"","astra-migrate-meta-layouts":"set","footnotes":""},"_links":{"self":[{"href":"https:\/\/exportala.com\/index.php\/wp-json\/wp\/v2\/pages\/511"}],"collection":[{"href":"https:\/\/exportala.com\/index.php\/wp-json\/wp\/v2\/pages"}],"about":[{"href":"https:\/\/exportala.com\/index.php\/wp-json\/wp\/v2\/types\/page"}],"author":[{"embeddable":true,"href":"https:\/\/exportala.com\/index.php\/wp-json\/wp\/v2\/users\/1"}],"replies":[{"embeddable":true,"href":"https:\/\/exportala.com\/index.php\/wp-json\/wp\/v2\/comments?post=511"}],"version-history":[{"count":5,"href":"https:\/\/exportala.com\/index.php\/wp-json\/wp\/v2\/pages\/511\/revisions"}],"predecessor-version":[{"id":520,"href":"https:\/\/exportala.com\/index.php\/wp-json\/wp\/v2\/pages\/511\/revisions\/520"}],"wp:attachment":[{"href":"https:\/\/exportala.com\/index.php\/wp-json\/wp\/v2\/media?parent=511"}],"curies":[{"name":"wp","href":"https:\/\/api.w.org\/{rel}","templated":true}]}}