{"id":497,"date":"2023-09-20T02:40:01","date_gmt":"2023-09-20T00:40:01","guid":{"rendered":"https:\/\/exportala.com\/?page_id=497"},"modified":"2023-09-20T07:21:30","modified_gmt":"2023-09-20T05:21:30","slug":"exportamos-cafe","status":"publish","type":"page","link":"https:\/\/exportala.com\/index.php\/exportamos-cafe\/","title":{"rendered":"Exportamos cafe"},"content":{"rendered":"\t\t<div data-elementor-type=\"wp-page\" data-elementor-id=\"497\" class=\"elementor elementor-497\">\n\t\t\t\t\t\t\t<div class=\"elementor-element elementor-element-b544cba e-flex e-con-boxed e-con e-parent\" data-id=\"b544cba\" data-element_type=\"container\" data-settings=\"{&quot;content_width&quot;:&quot;boxed&quot;}\" data-core-v316-plus=\"true\">\n\t\t\t\t\t<div class=\"e-con-inner\">\n\t\t<div class=\"elementor-element elementor-element-f3c89d9 e-con-full e-flex e-con e-child\" data-id=\"f3c89d9\" data-element_type=\"container\" data-settings=\"{&quot;content_width&quot;:&quot;full&quot;}\">\n\t\t\t\t<div class=\"elementor-element elementor-element-991c416 elementor-widget elementor-widget-image\" data-id=\"991c416\" data-element_type=\"widget\" data-widget_type=\"image.default\">\n\t\t\t\t<div class=\"elementor-widget-container\">\n\t\t\t<style>\/*! elementor - v3.16.0 - 14-09-2023 *\/\n.elementor-widget-image{text-align:center}.elementor-widget-image a{display:inline-block}.elementor-widget-image a img[src$=\".svg\"]{width:48px}.elementor-widget-image img{vertical-align:middle;display:inline-block}<\/style>\t\t\t\t\t\t\t\t\t\t\t\t<img decoding=\"async\" loading=\"lazy\" width=\"768\" height=\"480\" src=\"https:\/\/exportala.com\/wp-content\/uploads\/2023\/09\/cafe-verde-1.png\" class=\"attachment-full size-full wp-image-499\" alt=\"\" srcset=\"https:\/\/exportala.com\/wp-content\/uploads\/2023\/09\/cafe-verde-1.png 768w, https:\/\/exportala.com\/wp-content\/uploads\/2023\/09\/cafe-verde-1-300x188.png 300w\" sizes=\"(max-width: 768px) 100vw, 768px\" \/>\t\t\t\t\t\t\t\t\t\t\t\t\t\t\t<\/div>\n\t\t\t\t<\/div>\n\t\t\t\t<\/div>\n\t\t<div class=\"elementor-element elementor-element-357ca8e e-con-full e-flex e-con e-child\" data-id=\"357ca8e\" data-element_type=\"container\" data-settings=\"{&quot;content_width&quot;:&quot;full&quot;}\">\n\t\t\t\t<div class=\"elementor-element elementor-element-d42a40d elementor-widget elementor-widget-heading\" data-id=\"d42a40d\" data-element_type=\"widget\" data-widget_type=\"heading.default\">\n\t\t\t\t<div class=\"elementor-widget-container\">\n\t\t\t<style>\/*! elementor - v3.16.0 - 14-09-2023 *\/\n.elementor-heading-title{padding:0;margin:0;line-height:1}.elementor-widget-heading .elementor-heading-title[class*=elementor-size-]>a{color:inherit;font-size:inherit;line-height:inherit}.elementor-widget-heading .elementor-heading-title.elementor-size-small{font-size:15px}.elementor-widget-heading .elementor-heading-title.elementor-size-medium{font-size:19px}.elementor-widget-heading .elementor-heading-title.elementor-size-large{font-size:29px}.elementor-widget-heading .elementor-heading-title.elementor-size-xl{font-size:39px}.elementor-widget-heading .elementor-heading-title.elementor-size-xxl{font-size:59px}<\/style><h3 class=\"elementor-heading-title elementor-size-default\">Caf\u00e9 Verde - Calidad 1 y Calidad 2\n<\/h3>\t\t<\/div>\n\t\t\t\t<\/div>\n\t\t\t\t<div class=\"elementor-element elementor-element-9d5d715 elementor-widget elementor-widget-text-editor\" data-id=\"9d5d715\" data-element_type=\"widget\" data-widget_type=\"text-editor.default\">\n\t\t\t\t<div class=\"elementor-widget-container\">\n\t\t\t<style>\/*! elementor - v3.16.0 - 14-09-2023 *\/\n.elementor-widget-text-editor.elementor-drop-cap-view-stacked .elementor-drop-cap{background-color:#69727d;color:#fff}.elementor-widget-text-editor.elementor-drop-cap-view-framed .elementor-drop-cap{color:#69727d;border:3px solid;background-color:transparent}.elementor-widget-text-editor:not(.elementor-drop-cap-view-default) .elementor-drop-cap{margin-top:8px}.elementor-widget-text-editor:not(.elementor-drop-cap-view-default) .elementor-drop-cap-letter{width:1em;height:1em}.elementor-widget-text-editor .elementor-drop-cap{float:left;text-align:center;line-height:1;font-size:50px}.elementor-widget-text-editor .elementor-drop-cap-letter{display:inline-block}<\/style>\t\t\t\t<ul><li><strong>Granos<\/strong>: Malla 14 \u2013 12<\/li><li><strong>Capacidad Mensual<\/strong>: Hasta 10 contenedores de 20\u201d<\/li><li><strong>Empaque<\/strong>: Sacos de 70 kg<\/li><li><strong>Total Peso Neto<\/strong>: 19.250 kg por contenedor<\/li><li><strong>Origen<\/strong>: Variedad de regiones de Colombia<\/li><\/ul>\t\t\t\t\t\t<\/div>\n\t\t\t\t<\/div>\n\t\t\t\t<\/div>\n\t\t\t\t\t<\/div>\n\t\t\t\t<\/div>\n\t\t<div class=\"elementor-element elementor-element-d74ace6 e-flex e-con-boxed e-con e-parent\" data-id=\"d74ace6\" data-element_type=\"container\" data-settings=\"{&quot;content_width&quot;:&quot;boxed&quot;}\" data-core-v316-plus=\"true\">\n\t\t\t\t\t<div class=\"e-con-inner\">\n\t\t<div class=\"elementor-element elementor-element-f6c5293 e-con-full e-flex e-con e-child\" data-id=\"f6c5293\" data-element_type=\"container\" data-settings=\"{&quot;content_width&quot;:&quot;full&quot;}\">\n\t\t\t\t<div class=\"elementor-element elementor-element-47b1f4b elementor-widget elementor-widget-heading\" data-id=\"47b1f4b\" data-element_type=\"widget\" data-widget_type=\"heading.default\">\n\t\t\t\t<div class=\"elementor-widget-container\">\n\t\t\t<h3 class=\"elementor-heading-title elementor-size-default\">Caf\u00e9 Tostado y Molido\n<\/h3>\t\t<\/div>\n\t\t\t\t<\/div>\n\t\t\t\t<div class=\"elementor-element elementor-element-bde29a3 elementor-widget elementor-widget-text-editor\" data-id=\"bde29a3\" data-element_type=\"widget\" data-widget_type=\"text-editor.default\">\n\t\t\t\t<div class=\"elementor-widget-container\">\n\t\t\t\t\t\t\t<ul><li><strong>Certificaci\u00f3n<\/strong>: Avalado por la federaci\u00f3n nacional de cafeteros de Colombia<\/li><li><strong>Capacidad Mensual<\/strong>: Hasta 5 contenedores de 20\u201d<\/li><li><strong>Empaque<\/strong>: Bolsas de 500 gramos<\/li><li><strong>Total Peso Neto<\/strong>: 10.800 kg por contenedor<\/li><\/ul>\t\t\t\t\t\t<\/div>\n\t\t\t\t<\/div>\n\t\t\t\t<\/div>\n\t\t<div class=\"elementor-element elementor-element-d2dcefe e-con-full e-flex e-con e-child\" data-id=\"d2dcefe\" data-element_type=\"container\" data-settings=\"{&quot;content_width&quot;:&quot;full&quot;}\">\n\t\t\t\t<div class=\"elementor-element elementor-element-3f1089c elementor-widget elementor-widget-image\" data-id=\"3f1089c\" data-element_type=\"widget\" data-widget_type=\"image.default\">\n\t\t\t\t<div class=\"elementor-widget-container\">\n\t\t\t\t\t\t\t\t\t\t\t\t\t\t\t<img decoding=\"async\" loading=\"lazy\" width=\"768\" height=\"480\" src=\"https:\/\/exportala.com\/wp-content\/uploads\/2023\/09\/cafe-tostado-molido.png\" class=\"attachment-large size-large wp-image-500\" alt=\"\" srcset=\"https:\/\/exportala.com\/wp-content\/uploads\/2023\/09\/cafe-tostado-molido.png 768w, https:\/\/exportala.com\/wp-content\/uploads\/2023\/09\/cafe-tostado-molido-300x188.png 300w\" sizes=\"(max-width: 768px) 100vw, 768px\" \/>\t\t\t\t\t\t\t\t\t\t\t\t\t\t\t<\/div>\n\t\t\t\t<\/div>\n\t\t\t\t<\/div>\n\t\t\t\t\t<\/div>\n\t\t\t\t<\/div>\n\t\t<div class=\"elementor-element elementor-element-2c12ecd e-flex e-con-boxed e-con e-parent\" data-id=\"2c12ecd\" data-element_type=\"container\" data-settings=\"{&quot;content_width&quot;:&quot;boxed&quot;}\" data-core-v316-plus=\"true\">\n\t\t\t\t\t<div class=\"e-con-inner\">\n\t\t<div class=\"elementor-element elementor-element-e864a5f e-con-full e-flex e-con e-child\" data-id=\"e864a5f\" data-element_type=\"container\" data-settings=\"{&quot;content_width&quot;:&quot;full&quot;}\">\n\t\t\t\t<div class=\"elementor-element elementor-element-13dccc8 elementor-widget elementor-widget-image\" data-id=\"13dccc8\" data-element_type=\"widget\" data-widget_type=\"image.default\">\n\t\t\t\t<div class=\"elementor-widget-container\">\n\t\t\t\t\t\t\t\t\t\t\t\t\t\t\t<img decoding=\"async\" loading=\"lazy\" width=\"768\" height=\"480\" src=\"https:\/\/exportala.com\/wp-content\/uploads\/2023\/09\/cafe-excelso-estandar.png\" class=\"attachment-large size-large wp-image-501\" alt=\"cafe excelso estandar\" srcset=\"https:\/\/exportala.com\/wp-content\/uploads\/2023\/09\/cafe-excelso-estandar.png 768w, https:\/\/exportala.com\/wp-content\/uploads\/2023\/09\/cafe-excelso-estandar-300x188.png 300w\" sizes=\"(max-width: 768px) 100vw, 768px\" \/>\t\t\t\t\t\t\t\t\t\t\t\t\t\t\t<\/div>\n\t\t\t\t<\/div>\n\t\t\t\t<\/div>\n\t\t<div class=\"elementor-element elementor-element-5a8bf73 e-con-full e-flex e-con e-child\" data-id=\"5a8bf73\" data-element_type=\"container\" data-settings=\"{&quot;content_width&quot;:&quot;full&quot;}\">\n\t\t\t\t<div class=\"elementor-element elementor-element-bd38e65 elementor-widget elementor-widget-heading\" data-id=\"bd38e65\" data-element_type=\"widget\" data-widget_type=\"heading.default\">\n\t\t\t\t<div class=\"elementor-widget-container\">\n\t\t\t<h3 class=\"elementor-heading-title elementor-size-default\">Caf\u00e9 Excelso Est\u00e1ndar\n<\/h3>\t\t<\/div>\n\t\t\t\t<\/div>\n\t\t\t\t<div class=\"elementor-element elementor-element-e4a9bee elementor-widget elementor-widget-text-editor\" data-id=\"e4a9bee\" data-element_type=\"widget\" data-widget_type=\"text-editor.default\">\n\t\t\t\t<div class=\"elementor-widget-container\">\n\t\t\t\t\t\t\t<ul><li><strong>Puntuaci\u00f3n de Taza<\/strong>: 80 a 84 puntos<\/li><li><strong>Granos<\/strong>: Variedad de mallas disponibles<\/li><li><strong>Capacidad Mensual<\/strong>: Hasta 10,000 sacos de 70 kg<\/li><li><strong>Origen<\/strong>: Huila, Tolima, Risaralda, Quind\u00edo y Nari\u00f1o<\/li><\/ul>\t\t\t\t\t\t<\/div>\n\t\t\t\t<\/div>\n\t\t\t\t<\/div>\n\t\t\t\t\t<\/div>\n\t\t\t\t<\/div>\n\t\t<div class=\"elementor-element elementor-element-8171dc5 e-flex e-con-boxed e-con e-parent\" data-id=\"8171dc5\" data-element_type=\"container\" data-settings=\"{&quot;content_width&quot;:&quot;boxed&quot;}\" data-core-v316-plus=\"true\">\n\t\t\t\t\t<div class=\"e-con-inner\">\n\t\t<div class=\"elementor-element elementor-element-b8a9ade e-con-full e-flex e-con e-child\" data-id=\"b8a9ade\" data-element_type=\"container\" data-settings=\"{&quot;content_width&quot;:&quot;full&quot;}\">\n\t\t\t\t<div class=\"elementor-element elementor-element-58d2d5c elementor-widget elementor-widget-heading\" data-id=\"58d2d5c\" data-element_type=\"widget\" data-widget_type=\"heading.default\">\n\t\t\t\t<div class=\"elementor-widget-container\">\n\t\t\t<h3 class=\"elementor-heading-title elementor-size-default\">Caf\u00e9 Excelso Premium\n<\/h3>\t\t<\/div>\n\t\t\t\t<\/div>\n\t\t\t\t<div class=\"elementor-element elementor-element-6860795 elementor-widget elementor-widget-text-editor\" data-id=\"6860795\" data-element_type=\"widget\" data-widget_type=\"text-editor.default\">\n\t\t\t\t<div class=\"elementor-widget-container\">\n\t\t\t\t\t\t\t<ul><li><strong>Puntuaci\u00f3n de Taza<\/strong>: 86 puntos<\/li><li><strong>Granos<\/strong>: Variedad de mallas disponibles<\/li><li><strong>Capacidad Mensual<\/strong>: Hasta 10,000 sacos de 70 kg<\/li><li><strong>Origen<\/strong>: Huila, Tolima, Risaralda, Quind\u00edo y Nari\u00f1o<\/li><\/ul>\t\t\t\t\t\t<\/div>\n\t\t\t\t<\/div>\n\t\t\t\t<\/div>\n\t\t<div class=\"elementor-element elementor-element-24804c3 e-con-full e-flex e-con e-child\" data-id=\"24804c3\" data-element_type=\"container\" data-settings=\"{&quot;content_width&quot;:&quot;full&quot;}\">\n\t\t\t\t<div class=\"elementor-element elementor-element-7645b2f elementor-widget elementor-widget-image\" data-id=\"7645b2f\" data-element_type=\"widget\" data-widget_type=\"image.default\">\n\t\t\t\t<div class=\"elementor-widget-container\">\n\t\t\t\t\t\t\t\t\t\t\t\t\t\t\t<img decoding=\"async\" loading=\"lazy\" width=\"768\" height=\"480\" src=\"https:\/\/exportala.com\/wp-content\/uploads\/2023\/09\/cafe-excelso-premium.png\" class=\"attachment-large size-large wp-image-505\" alt=\"cafe excelso premium\" srcset=\"https:\/\/exportala.com\/wp-content\/uploads\/2023\/09\/cafe-excelso-premium.png 768w, https:\/\/exportala.com\/wp-content\/uploads\/2023\/09\/cafe-excelso-premium-300x188.png 300w\" sizes=\"(max-width: 768px) 100vw, 768px\" \/>\t\t\t\t\t\t\t\t\t\t\t\t\t\t\t<\/div>\n\t\t\t\t<\/div>\n\t\t\t\t<\/div>\n\t\t\t\t\t<\/div>\n\t\t\t\t<\/div>\n\t\t\t\t\t\t\t<\/div>\n\t\t","protected":false},"excerpt":{"rendered":"<p>Caf\u00e9 Verde &#8211; Calidad 1 y Calidad 2 Granos: Malla 14 \u2013 12 Capacidad Mensual: Hasta 10 contenedores de 20\u201d Empaque: Sacos de 70 kg Total Peso Neto: 19.250 kg por contenedor Origen: Variedad de regiones de Colombia Caf\u00e9 Tostado y Molido Certificaci\u00f3n: Avalado por la federaci\u00f3n nacional de cafeteros de Colombia Capacidad Mensual: Hasta &hellip;<\/p>\n<p class=\"read-more\"> <a class=\"\" href=\"https:\/\/exportala.com\/index.php\/exportamos-cafe\/\"> <span class=\"screen-reader-text\">Exportamos cafe<\/span> Read More &raquo;<\/a><\/p>\n","protected":false},"author":1,"featured_media":0,"parent":0,"menu_order":0,"comment_status":"closed","ping_status":"closed","template":"","meta":{"site-sidebar-layout":"no-sidebar","site-content-layout":"page-builder","ast-site-content-layout":"full-width-container","site-content-style":"unboxed","site-sidebar-style":"unboxed","ast-global-header-display":"","ast-banner-title-visibility":"","ast-main-header-display":"","ast-hfb-above-header-display":"","ast-hfb-below-header-display":"","ast-hfb-mobile-header-display":"","site-post-title":"disabled","ast-breadcrumbs-content":"","ast-featured-img":"disabled","footer-sml-layout":"","theme-transparent-header-meta":"","adv-header-id-meta":"","stick-header-meta":"","header-above-stick-meta":"","header-main-stick-meta":"","header-below-stick-meta":"","astra-migrate-meta-layouts":"set","footnotes":""},"_links":{"self":[{"href":"https:\/\/exportala.com\/index.php\/wp-json\/wp\/v2\/pages\/497"}],"collection":[{"href":"https:\/\/exportala.com\/index.php\/wp-json\/wp\/v2\/pages"}],"about":[{"href":"https:\/\/exportala.com\/index.php\/wp-json\/wp\/v2\/types\/page"}],"author":[{"embeddable":true,"href":"https:\/\/exportala.com\/index.php\/wp-json\/wp\/v2\/users\/1"}],"replies":[{"embeddable":true,"href":"https:\/\/exportala.com\/index.php\/wp-json\/wp\/v2\/comments?post=497"}],"version-history":[{"count":14,"href":"https:\/\/exportala.com\/index.php\/wp-json\/wp\/v2\/pages\/497\/revisions"}],"predecessor-version":[{"id":622,"href":"https:\/\/exportala.com\/index.php\/wp-json\/wp\/v2\/pages\/497\/revisions\/622"}],"wp:attachment":[{"href":"https:\/\/exportala.com\/index.php\/wp-json\/wp\/v2\/media?parent=497"}],"curies":[{"name":"wp","href":"https:\/\/api.w.org\/{rel}","templated":true}]}}